{"id":5476,"date":"2021-07-26T12:39:09","date_gmt":"2021-07-26T12:39:09","guid":{"rendered":"https:\/\/seafarer.qodeinteractive.com\/?page_id=989"},"modified":"2025-10-21T15:36:54","modified_gmt":"2025-10-21T13:36:54","slug":"servizi","status":"publish","type":"page","link":"https:\/\/www.yachtclubdelmediterraneo.it\/en\/servizi\/","title":{"rendered":"Services"},"content":{"rendered":"<div data-elementor-type=\"wp-page\" data-elementor-id=\"5476\" class=\"elementor elementor-5476\">\n\t\t\t\t\t\t<section class=\"elementor-section elementor-top-section elementor-element elementor-element-36e3707 elementor-section-full_width qodef-elementor-content-grid elementor-section-height-default elementor-section-height-default\" data-id=\"36e3707\" data-element_type=\"section\" data-e-type=\"section\" data-settings=\"{&quot;background_background&quot;:&quot;classic&quot;}\">\n\t\t\t\t\t\t<div class=\"elementor-container elementor-column-gap-default\">\n\t\t\t\t\t<div class=\"elementor-column elementor-col-100 elementor-top-column elementor-element elementor-element-2246245\" data-id=\"2246245\" data-element_type=\"column\" data-e-type=\"column\">\n\t\t\t<div class=\"elementor-widget-wrap elementor-element-populated\">\n\t\t\t\t\t\t<div class=\"elementor-element elementor-element-46dfd6a elementor-widget elementor-widget-seafarer_core_section_title\" data-id=\"46dfd6a\" data-element_type=\"widget\" data-e-type=\"widget\" data-widget_type=\"seafarer_core_section_title.default\">\n\t\t\t\t<div class=\"elementor-widget-container\">\n\t\t\t\t\t<div class=\"qodef-shortcode qodef-m qodef-section-title qodef-alignment--center\">\n\t\t<div class=\"qodef-m-content\">\n\t\t\n\t\t\t\t\t<h1 class=\"qodef-m-title\" >\n\t\t\t\t\tOur Club Location\t\t\t<\/h1>\n\t\t\t<\/div>\n<\/div>\n\t\t\t\t<\/div>\n\t\t\t\t<\/div>\n\t\t\t\t<div class=\"elementor-element elementor-element-1faa4cf elementor-widget elementor-widget-text-editor\" data-id=\"1faa4cf\" data-element_type=\"widget\" data-e-type=\"widget\" data-widget_type=\"text-editor.default\">\n\t\t\t\t\t\t\t\t\t<p class=\"wixui-rich-text__text\"><span class=\"font_9 wixui-rich-text__text\"><span class=\"color_11 wixui-rich-text__text\">The club operates under the aegis of CONI, affiliated with FIV (Italian Sailing Federation) and FIPSAS (Italian Federation of Sport Fishing and Underwater Activities).<\/span><\/span><\/p><p class=\"wixui-rich-text__text\"><span class=\"font_9 wixui-rich-text__text\"><span class=\"color_11 wixui-rich-text__text\">The Yacht Club del Mediterraneo holds a concession from the Port Authority of Palermo, which includes not only the land-based spaces for the club's premises and equipment, but also a stretch of water along approximately 100 meters of quay, with a water depth exceeding 6 meters, allowing us to moor motor or sailing vessels up to 25 meters in length.<\/span><\/span><\/p>\t\t\t\t\t\t\t\t<\/div>\n\t\t\t\t<div class=\"elementor-element elementor-element-56cd801 elementor-widget elementor-widget-image\" data-id=\"56cd801\" data-element_type=\"widget\" data-e-type=\"widget\" data-widget_type=\"image.default\">\n\t\t\t\t\t\t\t\t\t\t\t\t\t\t\t<img fetchpriority=\"high\" decoding=\"async\" width=\"1024\" height=\"303\" src=\"https:\/\/www.yachtclubdelmediterraneo.it\/wp-content\/uploads\/2025\/09\/a6281a_33f12d559fb0b41e612d56eaef9a7eac.avif\" class=\"attachment-large size-large wp-image-5371\" alt=\"\" \/>\t\t\t\t\t\t\t\t\t\t\t\t\t\t\t<\/div>\n\t\t\t\t<div class=\"elementor-element elementor-element-d598f13 elementor-widget elementor-widget-text-editor\" data-id=\"d598f13\" data-element_type=\"widget\" data-e-type=\"widget\" data-widget_type=\"text-editor.default\">\n\t\t\t\t\t\t\t\t\t<p>Our Club has been designed to offer you an unparalleled nautical experience, with a full range of services tailored to your every need. From our state-of-the-art social areas to practical support for your vessels, every detail is carefully managed to ensure comfort, functionality, and relaxation.<\/p><ul><li><b>Social and Meeting Spaces:<\/b> We provide elegant <b>social rooms and meeting halls<\/b>ideal for events, courses, or simply for enjoying pleasant moments in good company.<\/li><li><b>Privileged Access to the Sea:<\/b> Our love for the sea translates into easy access through a <b>direct stairway to the water's edge<\/b> and a <b>gangway for boat access<\/b>, making every outing simple and safe.<\/li><\/ul><p>We invite you to discover firsthand the quality and efficiency of our services, designed to make your every stay an unforgettable experience.<\/p>\t\t\t\t\t\t\t\t<\/div>\n\t\t\t\t\t<\/div>\n\t\t<\/div>\n\t\t\t\t\t<\/div>\n\t\t<\/section>\n\t\t\t\t<section class=\"elementor-section elementor-top-section elementor-element elementor-element-8287056 elementor-section-full_width qodef-elementor-content-grid elementor-section-height-default elementor-section-height-default\" data-id=\"8287056\" data-element_type=\"section\" data-e-type=\"section\">\n\t\t\t\t\t\t<div class=\"elementor-container elementor-column-gap-default\">\n\t\t\t\t\t<div class=\"elementor-column elementor-col-50 elementor-top-column elementor-element elementor-element-d860e74\" data-id=\"d860e74\" data-element_type=\"column\" data-e-type=\"column\">\n\t\t\t<div class=\"elementor-widget-wrap elementor-element-populated\">\n\t\t\t\t\t\t<div class=\"elementor-element elementor-element-0c5a50a elementor-widget elementor-widget-seafarer_core_single_image\" data-id=\"0c5a50a\" data-element_type=\"widget\" data-e-type=\"widget\" data-widget_type=\"seafarer_core_single_image.default\">\n\t\t\t\t<div class=\"elementor-widget-container\">\n\t\t\t\t\t<div class=\"qodef-shortcode qodef-m qodef-single-image qodef-layout--default\"  >\n\t\t<span class=\"qodef-m-border--top-left\"><\/span>\n\t<span class=\"qodef-m-border--bottom-right\"><\/span>\n\t<div class=\"qodef-m-image\">\n\t\t\t\t\t\t\t\t<\/div>\n<\/div>\n\t\t\t\t<\/div>\n\t\t\t\t<\/div>\n\t\t\t\t\t<\/div>\n\t\t<\/div>\n\t\t\t\t<div class=\"elementor-column elementor-col-50 elementor-top-column elementor-element elementor-element-af9ef8f\" data-id=\"af9ef8f\" data-element_type=\"column\" data-e-type=\"column\">\n\t\t\t<div class=\"elementor-widget-wrap elementor-element-populated\">\n\t\t\t\t\t\t<div class=\"elementor-element elementor-element-f48838a elementor-widget elementor-widget-seafarer_core_section_title\" data-id=\"f48838a\" data-element_type=\"widget\" data-e-type=\"widget\" data-widget_type=\"seafarer_core_section_title.default\">\n\t\t\t\t<div class=\"elementor-widget-container\">\n\t\t\t\t\t<div class=\"qodef-shortcode qodef-m qodef-section-title qodef-alignment--left\">\n\t\t<div class=\"qodef-m-content\">\n\t\t    <span class=\"qodef-m-background-text\" >\n    Cruisers    <\/span>\n\n\t\t\t\t\t<h1 class=\"qodef-m-title\" style=\"margin-top: 8px\">\n\t\t\t\t\tWhat We Offer\t\t\t<\/h1>\n\t\t\t<\/div>\n<\/div>\n\t\t\t\t<\/div>\n\t\t\t\t<\/div>\n\t\t\t\t<div class=\"elementor-element elementor-element-cfd2752 elementor-widget elementor-widget-text-editor\" data-id=\"cfd2752\" data-element_type=\"widget\" data-e-type=\"widget\" data-widget_type=\"text-editor.default\">\n\t\t\t\t\t\t\t\t\t<ul><li>Berthing and Nautical Support<\/li><li>Boat Slips for Members and Visitors<\/li><li>Sailing School &amp; Courses\"<\/li><li>Courses for beginners, advanced training for experienced sailors, youth programs, and summer camps\/stages.<\/li><li>Regattas and Events<\/li><li>Local and national regattas, social events, participation in international sailing circuits.<\/li><li>Social Activities and Collaborations<\/li><li>Dragon Boat Programs Dedicated to Health and Inclusion Projects.<\/li><li>Partnership with LILT for prevention, rehabilitation, and awareness initiatives.<\/li><li>Cultural and Environmental Events aimed at members and citizens.<\/li><li>Clubhouse and Social Spaces<\/li><li>Members' lounge, sea-view relaxation areas, event spaces, and meeting rooms.<\/li><\/ul>\t\t\t\t\t\t\t\t<\/div>\n\t\t\t\t\t<\/div>\n\t\t<\/div>\n\t\t\t\t\t<\/div>\n\t\t<\/section>\n\t\t\t\t<section class=\"elementor-section elementor-top-section elementor-element elementor-element-4847524 elementor-section-full_width qodef-elementor-content-grid qodef-extended-grid qodef-extended-grid--right elementor-section-height-default elementor-section-height-default\" data-id=\"4847524\" data-element_type=\"section\" data-e-type=\"section\" data-settings=\"{&quot;background_background&quot;:&quot;classic&quot;}\">\n\t\t\t\t\t\t<div class=\"elementor-container elementor-column-gap-default\">\n\t\t\t\t\t<div class=\"elementor-column elementor-col-50 elementor-top-column elementor-element elementor-element-d00b787\" data-id=\"d00b787\" data-element_type=\"column\" data-e-type=\"column\">\n\t\t\t<div class=\"elementor-widget-wrap elementor-element-populated\">\n\t\t\t\t\t\t<div class=\"elementor-element elementor-element-ec098ce elementor-widget elementor-widget-seafarer_core_section_title\" data-id=\"ec098ce\" data-element_type=\"widget\" data-e-type=\"widget\" data-widget_type=\"seafarer_core_section_title.default\">\n\t\t\t\t<div class=\"elementor-widget-container\">\n\t\t\t\t\t<div class=\"qodef-shortcode qodef-m qodef-section-title qodef-alignment--left\">\n\t\t<div class=\"qodef-m-content\">\n\t\t    <span class=\"qodef-m-background-text\" style=\"color: #BFA888;opacity: 0.13\">\n    Discover    <\/span>\n\n\t\t    <h6 class=\"qodef-m-subtitle\" >\n    Free Sailing    <\/h6>\n\t\t\t<h1 class=\"qodef-m-title\" >\n\t\t\t\t\tSailing School\t\t\t<\/h1>\n\t\t\t<\/div>\n<\/div>\n\t\t\t\t<\/div>\n\t\t\t\t<\/div>\n\t\t\t\t<div class=\"elementor-element elementor-element-11f5065 elementor-widget elementor-widget-seafarer_core_unordered_list\" data-id=\"11f5065\" data-element_type=\"widget\" data-e-type=\"widget\" data-widget_type=\"seafarer_core_unordered_list.default\">\n\t\t\t\t<div class=\"elementor-widget-container\">\n\t\t\t\t\t<div class=\"qodef-shortcode qodef-m qodef-unordered-list\">\n\t\t\t<div class=\"qodef-ul-text\" ><ul><li><b>Personalized Learning:<\/b> Courses for every level, from beginner to advanced, with qualified instructors and tailor-made programs for all ages.<\/li><\/ul><\/div>\n\t<\/div>\n\t\t\t\t<\/div>\n\t\t\t\t<\/div>\n\t\t\t\t<div class=\"elementor-element elementor-element-8fe140e elementor-widget elementor-widget-seafarer_core_unordered_list\" data-id=\"8fe140e\" data-element_type=\"widget\" data-e-type=\"widget\" data-widget_type=\"seafarer_core_unordered_list.default\">\n\t\t\t\t<div class=\"elementor-widget-container\">\n\t\t\t\t\t<div class=\"qodef-shortcode qodef-m qodef-unordered-list\">\n\t\t\t<div class=\"qodef-ul-text\" ><ul><li><b>Safety and Quality:<\/b> Practical and theoretical lessons on modern and safe equipment, with nationally recognized certifications.<\/li><\/ul><\/div>\n\t<\/div>\n\t\t\t\t<\/div>\n\t\t\t\t<\/div>\n\t\t\t\t<div class=\"elementor-element elementor-element-b5115c5 elementor-widget elementor-widget-seafarer_core_unordered_list\" data-id=\"b5115c5\" data-element_type=\"widget\" data-e-type=\"widget\" data-widget_type=\"seafarer_core_unordered_list.default\">\n\t\t\t\t<div class=\"elementor-widget-container\">\n\t\t\t\t\t<div class=\"qodef-shortcode qodef-m qodef-unordered-list\">\n\t\t\t<div class=\"qodef-ul-text\" ><ul><li><b>Complete Experience:<\/b> A stimulating and fun environment with events, regattas, and the chance to immediately put your newly acquired skills into practice.<\/li><\/ul><\/div>\n\t<\/div>\n\t\t\t\t<\/div>\n\t\t\t\t<\/div>\n\t\t\t\t\t<\/div>\n\t\t<\/div>\n\t\t\t\t<div class=\"elementor-column elementor-col-50 elementor-top-column elementor-element elementor-element-543bb2d\" data-id=\"543bb2d\" data-element_type=\"column\" data-e-type=\"column\">\n\t\t\t<div class=\"elementor-widget-wrap elementor-element-populated\">\n\t\t\t\t\t\t<div class=\"elementor-element elementor-element-cff90c5 elementor-widget__width-initial elementor-widget elementor-widget-seafarer_core_single_image\" data-id=\"cff90c5\" data-element_type=\"widget\" data-e-type=\"widget\" data-widget_type=\"seafarer_core_single_image.default\">\n\t\t\t\t<div class=\"elementor-widget-container\">\n\t\t\t\t\t<div class=\"qodef-shortcode qodef-m qodef-single-image qodef-layout--default\"  >\n\t\t<span class=\"qodef-m-border--top-left\"><\/span>\n\t<span class=\"qodef-m-border--bottom-right\"><\/span>\n\t<div class=\"qodef-m-image\">\n\t\t\t\t\t<img decoding=\"async\" width=\"1024\" height=\"1024\" src=\"https:\/\/www.yachtclubdelmediterraneo.it\/wp-content\/uploads\/2025\/09\/Gemini_Generated_Image_4h7kps4h7kps4h7k.png\" class=\"attachment-full size-full\" alt=\"\" srcset=\"https:\/\/www.yachtclubdelmediterraneo.it\/wp-content\/uploads\/2025\/09\/Gemini_Generated_Image_4h7kps4h7kps4h7k.png 1024w, https:\/\/www.yachtclubdelmediterraneo.it\/wp-content\/uploads\/2025\/09\/Gemini_Generated_Image_4h7kps4h7kps4h7k-12x12.png 12w, https:\/\/www.yachtclubdelmediterraneo.it\/wp-content\/uploads\/2025\/09\/Gemini_Generated_Image_4h7kps4h7kps4h7k-150x150.png 150w, https:\/\/www.yachtclubdelmediterraneo.it\/wp-content\/uploads\/2025\/09\/Gemini_Generated_Image_4h7kps4h7kps4h7k-300x300.png 300w, https:\/\/www.yachtclubdelmediterraneo.it\/wp-content\/uploads\/2025\/09\/Gemini_Generated_Image_4h7kps4h7kps4h7k-768x768.png 768w, https:\/\/www.yachtclubdelmediterraneo.it\/wp-content\/uploads\/2025\/09\/Gemini_Generated_Image_4h7kps4h7kps4h7k-650x650.png 650w, https:\/\/www.yachtclubdelmediterraneo.it\/wp-content\/uploads\/2025\/09\/Gemini_Generated_Image_4h7kps4h7kps4h7k-600x600.png 600w, https:\/\/www.yachtclubdelmediterraneo.it\/wp-content\/uploads\/2025\/09\/Gemini_Generated_Image_4h7kps4h7kps4h7k-100x100.png 100w\" sizes=\"(max-width: 1024px) 100vw, 1024px\" \/>\t\t\t<\/div>\n<\/div>\n\t\t\t\t<\/div>\n\t\t\t\t<\/div>\n\t\t\t\t\t<\/div>\n\t\t<\/div>\n\t\t\t\t\t<\/div>\n\t\t<\/section>\n\t\t\t\t<section class=\"elementor-section elementor-top-section elementor-element elementor-element-a8481ca elementor-section-full_width elementor-section-height-default elementor-section-height-default qodef-elementor-content-no\" data-id=\"a8481ca\" data-element_type=\"section\" data-e-type=\"section\">\n\t\t\t\t\t\t<div class=\"elementor-container elementor-column-gap-default\">\n\t\t\t\t\t<div class=\"elementor-column elementor-col-50 elementor-top-column elementor-element elementor-element-10107b1\" data-id=\"10107b1\" data-element_type=\"column\" data-e-type=\"column\" data-settings=\"{&quot;background_background&quot;:&quot;classic&quot;}\">\n\t\t\t<div class=\"elementor-widget-wrap elementor-element-populated\">\n\t\t\t\t\t\t<div class=\"elementor-element elementor-element-2416713 elementor-widget-divider--view-line elementor-widget elementor-widget-divider\" data-id=\"2416713\" data-element_type=\"widget\" data-e-type=\"widget\" data-widget_type=\"divider.default\">\n\t\t\t\t\t\t\t<div class=\"elementor-divider\">\n\t\t\t<span class=\"elementor-divider-separator\">\n\t\t\t\t\t\t<\/span>\n\t\t<\/div>\n\t\t\t\t\t\t<\/div>\n\t\t\t\t\t<\/div>\n\t\t<\/div>\n\t\t\t\t<div class=\"elementor-column elementor-col-50 elementor-top-column elementor-element elementor-element-d70431c\" data-id=\"d70431c\" data-element_type=\"column\" data-e-type=\"column\" data-settings=\"{&quot;background_background&quot;:&quot;classic&quot;}\">\n\t\t\t<div class=\"elementor-widget-wrap elementor-element-populated\">\n\t\t\t\t\t\t<div class=\"elementor-element elementor-element-a14604a elementor-widget elementor-widget-seafarer_core_section_title\" data-id=\"a14604a\" data-element_type=\"widget\" data-e-type=\"widget\" data-widget_type=\"seafarer_core_section_title.default\">\n\t\t\t\t<div class=\"elementor-widget-container\">\n\t\t\t\t\t<div class=\"qodef-shortcode qodef-m qodef-section-title qodef-alignment--left\">\n\t\t<div class=\"qodef-m-content\">\n\t\t\n\t\t    <h6 class=\"qodef-m-subtitle\" >\n    Our    <\/h6>\n\t\t\t<h2 class=\"qodef-m-title\" >\n\t\t\t\t\t Commitment\t\t\t<\/h2>\n\t\t\t<p class=\"qodef-m-text\" >The activity of the Yacht Club Mediterraneo Palermo is measurable not only by our racing successes but also by the daily commitment we dedicate to training and competitive sport.<\/p>\n\t<\/div>\n<\/div>\n\t\t\t\t<\/div>\n\t\t\t\t<\/div>\n\t\t\t\t<div class=\"elementor-element elementor-element-778d880 elementor-widget elementor-widget-seafarer_core_progress_bar\" data-id=\"778d880\" data-element_type=\"widget\" data-e-type=\"widget\" data-widget_type=\"seafarer_core_progress_bar.default\">\n\t\t\t\t<div class=\"elementor-widget-container\">\n\t\t\t\t\t<div class=\"qodef-shortcode qodef-m qodef-progress-bar qodef-layout--line\" data-layout=\"line\" data-active-line-color=\"#bfa888\" data-active-line-width=\"4\" data-inactive-line-color=\"#F4F2ED\" data-inactive-line-width=\"4\"  data-number=\"78\" data-text-color=\"#000\">\n\t<div class=\"qodef-m-inner\">\n\t\t<div class=\"qodef-m-canvas\">\n\t\t\t\t\t<\/div>\n\t\t\t\t\t<h6 class=\"qodef-m-title\" >Race Training and Practice Sessions<\/h6>\n\t\t\t<\/div>\n<\/div>\n\t\t\t\t<\/div>\n\t\t\t\t<\/div>\n\t\t\t\t<div class=\"elementor-element elementor-element-9adada9 elementor-widget elementor-widget-seafarer_core_progress_bar\" data-id=\"9adada9\" data-element_type=\"widget\" data-e-type=\"widget\" data-widget_type=\"seafarer_core_progress_bar.default\">\n\t\t\t\t<div class=\"elementor-widget-container\">\n\t\t\t\t\t<div class=\"qodef-shortcode qodef-m qodef-progress-bar qodef-layout--line\" data-layout=\"line\" data-active-line-color=\"#bfa888\" data-active-line-width=\"4\" data-inactive-line-color=\"#F4F2ED\" data-inactive-line-width=\"4\"  data-number=\"90\" data-text-color=\"#000\">\n\t<div class=\"qodef-m-inner\">\n\t\t<div class=\"qodef-m-canvas\">\n\t\t\t\t\t<\/div>\n\t\t\t\t\t<h6 class=\"qodef-m-title\" >Organisation of Regattas and Sporting Events<\/h6>\n\t\t\t<\/div>\n<\/div>\n\t\t\t\t<\/div>\n\t\t\t\t<\/div>\n\t\t\t\t<div class=\"elementor-element elementor-element-0b1081c elementor-widget elementor-widget-seafarer_core_progress_bar\" data-id=\"0b1081c\" data-element_type=\"widget\" data-e-type=\"widget\" data-widget_type=\"seafarer_core_progress_bar.default\">\n\t\t\t\t<div class=\"elementor-widget-container\">\n\t\t\t\t\t<div class=\"qodef-shortcode qodef-m qodef-progress-bar qodef-layout--line\" data-layout=\"line\" data-active-line-color=\"#bfa888\" data-active-line-width=\"4\" data-inactive-line-color=\"#F4F2ED\" data-inactive-line-width=\"4\"  data-number=\"57\" data-text-color=\"#000\">\n\t<div class=\"qodef-m-inner\">\n\t\t<div class=\"qodef-m-canvas\">\n\t\t\t\t\t<\/div>\n\t\t\t\t\t<h6 class=\"qodef-m-title\" >destination<\/h6>\n\t\t\t<\/div>\n<\/div>\n\t\t\t\t<\/div>\n\t\t\t\t<\/div>\n\t\t\t\t\t<\/div>\n\t\t<\/div>\n\t\t\t\t\t<\/div>\n\t\t<\/section>\n\t\t\t\t<section class=\"elementor-section elementor-top-section elementor-element elementor-element-aaa4d77 elementor-section-full_width elementor-reverse-tablet elementor-reverse-mobile elementor-section-height-default elementor-section-height-default qodef-elementor-content-no\" data-id=\"aaa4d77\" data-element_type=\"section\" data-e-type=\"section\">\n\t\t\t\t\t\t<div class=\"elementor-container elementor-column-gap-default\">\n\t\t\t\t\t<div class=\"elementor-column elementor-col-50 elementor-top-column elementor-element elementor-element-8134ce9\" data-id=\"8134ce9\" data-element_type=\"column\" data-e-type=\"column\" data-settings=\"{&quot;background_background&quot;:&quot;classic&quot;}\">\n\t\t\t<div class=\"elementor-widget-wrap elementor-element-populated\">\n\t\t\t\t\t\t<div class=\"elementor-element elementor-element-9ab1436 elementor-widget elementor-widget-seafarer_core_section_title\" data-id=\"9ab1436\" data-element_type=\"widget\" data-e-type=\"widget\" data-widget_type=\"seafarer_core_section_title.default\">\n\t\t\t\t<div class=\"elementor-widget-container\">\n\t\t\t\t\t<div class=\"qodef-shortcode qodef-m qodef-section-title qodef-alignment--center\">\n\t\t<div class=\"qodef-m-content\">\n\t\t\n\t\t    <h6 class=\"qodef-m-subtitle\" >\n    Mediterranean Sailing    <\/h6>\n\t\t\t<h2 class=\"qodef-m-title\" >\n\t\t\t\t\tDestination\t\t\t<\/h2>\n\t\t\t<p class=\"qodef-m-text\" >In Palermo, the sea meets competition. Wind, waves, and the passion for racing. We are the heart of Mediterranean regattas. Live the sport. Live the excellence.<\/p>\n\t<\/div>\n<\/div>\n\t\t\t\t<\/div>\n\t\t\t\t<\/div>\n\t\t\t\t\t<\/div>\n\t\t<\/div>\n\t\t\t\t<div class=\"elementor-column elementor-col-50 elementor-top-column elementor-element elementor-element-e0af71f\" data-id=\"e0af71f\" data-element_type=\"column\" data-e-type=\"column\" data-settings=\"{&quot;background_background&quot;:&quot;classic&quot;}\">\n\t\t\t<div class=\"elementor-widget-wrap elementor-element-populated\">\n\t\t\t\t\t\t<div class=\"elementor-element elementor-element-911bb7d elementor-widget-divider--view-line elementor-widget elementor-widget-divider\" data-id=\"911bb7d\" data-element_type=\"widget\" data-e-type=\"widget\" data-widget_type=\"divider.default\">\n\t\t\t\t\t\t\t<div class=\"elementor-divider\">\n\t\t\t<span class=\"elementor-divider-separator\">\n\t\t\t\t\t\t<\/span>\n\t\t<\/div>\n\t\t\t\t\t\t<\/div>\n\t\t\t\t\t<\/div>\n\t\t<\/div>\n\t\t\t\t\t<\/div>\n\t\t<\/section>\n\t\t\t\t<\/div>","protected":false},"excerpt":{"rendered":"<p>La nostra sede l circolo \u00e8 sotto l&#8217;egida del CONI, affiliato alla FIV e alla FIPSAS: Federazione Pesca Sportiva ed Attivit\u00e0 Subacquee. Lo Yacht Club del Mediterraneo ha in concessione dall&#8217;Autorit\u00e0 portuale di Palermo, oltre agli spazi a terra per i locali del club e le attrezzature, uno specchio acqueo su un fronte di circa [&hellip;]<\/p>\n","protected":false},"author":1,"featured_media":0,"parent":0,"menu_order":0,"comment_status":"closed","ping_status":"closed","template":"page-full-width.php","meta":{"footnotes":""},"class_list":["post-5476","page","type-page","status-publish","hentry"],"_links":{"self":[{"href":"https:\/\/www.yachtclubdelmediterraneo.it\/en\/wp-json\/wp\/v2\/pages\/5476","targetHints":{"allow":["GET"]}}],"collection":[{"href":"https:\/\/www.yachtclubdelmediterraneo.it\/en\/wp-json\/wp\/v2\/pages"}],"about":[{"href":"https:\/\/www.yachtclubdelmediterraneo.it\/en\/wp-json\/wp\/v2\/types\/page"}],"author":[{"embeddable":true,"href":"https:\/\/www.yachtclubdelmediterraneo.it\/en\/wp-json\/wp\/v2\/users\/1"}],"replies":[{"embeddable":true,"href":"https:\/\/www.yachtclubdelmediterraneo.it\/en\/wp-json\/wp\/v2\/comments?post=5476"}],"version-history":[{"count":13,"href":"https:\/\/www.yachtclubdelmediterraneo.it\/en\/wp-json\/wp\/v2\/pages\/5476\/revisions"}],"predecessor-version":[{"id":5768,"href":"https:\/\/www.yachtclubdelmediterraneo.it\/en\/wp-json\/wp\/v2\/pages\/5476\/revisions\/5768"}],"wp:attachment":[{"href":"https:\/\/www.yachtclubdelmediterraneo.it\/en\/wp-json\/wp\/v2\/media?parent=5476"}],"curies":[{"name":"wp","href":"https:\/\/api.w.org\/{rel}","templated":true}]}}