{"id":1230,"date":"2021-07-27T14:40:18","date_gmt":"2021-07-27T14:40:18","guid":{"rendered":"https:\/\/seafarer.qodeinteractive.com\/?page_id=1230"},"modified":"2025-10-17T17:16:24","modified_gmt":"2025-10-17T15:16:24","slug":"faq","status":"publish","type":"page","link":"https:\/\/www.yachtclubdelmediterraneo.it\/en\/faq\/","title":{"rendered":"FAQ"},"content":{"rendered":"<div data-elementor-type=\"wp-page\" data-elementor-id=\"1230\" class=\"elementor elementor-1230\">\n\t\t\t\t\t\t<section class=\"elementor-section elementor-top-section elementor-element elementor-element-818f90a elementor-section-full_width qodef-elementor-content-grid elementor-section-height-default elementor-section-height-default\" data-id=\"818f90a\" data-element_type=\"section\" data-e-type=\"section\">\n\t\t\t\t\t\t<div class=\"elementor-container elementor-column-gap-default\">\n\t\t\t\t\t<div class=\"elementor-column elementor-col-100 elementor-top-column elementor-element elementor-element-e340154\" data-id=\"e340154\" data-element_type=\"column\" data-e-type=\"column\">\n\t\t\t<div class=\"elementor-widget-wrap elementor-element-populated\">\n\t\t\t\t\t\t<div class=\"elementor-element elementor-element-4d75576 elementor-widget elementor-widget-seafarer_core_section_title\" data-id=\"4d75576\" data-element_type=\"widget\" data-e-type=\"widget\" data-widget_type=\"seafarer_core_section_title.default\">\n\t\t\t\t<div class=\"elementor-widget-container\">\n\t\t\t\t\t<div class=\"qodef-shortcode qodef-m qodef-section-title qodef-alignment--center\">\n\t\t<div class=\"qodef-m-image\">\n\t\t<img decoding=\"async\" width=\"74\" height=\"108\" src=\"https:\/\/www.yachtclubdelmediterraneo.it\/wp-content\/uploads\/2021\/07\/Sidebar-img.png\" class=\"attachment-full size-full\" alt=\"a\" srcset=\"https:\/\/www.yachtclubdelmediterraneo.it\/wp-content\/uploads\/2021\/07\/Sidebar-img.png 74w, https:\/\/www.yachtclubdelmediterraneo.it\/wp-content\/uploads\/2021\/07\/Sidebar-img-8x12.png 8w\" sizes=\"(max-width: 74px) 100vw, 74px\" \/>\t<\/div>\n\t<div class=\"qodef-m-content\">\n\t\t    <span class=\"qodef-m-background-text\" >\n    Explore    <\/span>\n\n\t\t    <h6 class=\"qodef-m-subtitle\" >\n    Nautical Company    <\/h6>\n\t\t\t<h1 class=\"qodef-m-title\" >\n\t\t\t\t\tAsk A Question\t\t\t<\/h1>\n\t\t\t<p class=\"qodef-m-text\" >Here you can find the answers to the most common questions about our sailing school. If you don't find what you're looking for, please don't hesitate to contact us!<\/p>\n\t<\/div>\n<\/div>\n\t\t\t\t<\/div>\n\t\t\t\t<\/div>\n\t\t\t\t\t<\/div>\n\t\t<\/div>\n\t\t\t\t\t<\/div>\n\t\t<\/section>\n\t\t\t\t<section class=\"elementor-section elementor-top-section elementor-element elementor-element-4ad21c5 elementor-section-full_width qodef-elementor-content-grid elementor-section-height-default elementor-section-height-default\" data-id=\"4ad21c5\" data-element_type=\"section\" data-e-type=\"section\">\n\t\t\t\t\t\t<div class=\"elementor-container elementor-column-gap-default\">\n\t\t\t\t\t<div class=\"elementor-column elementor-col-50 elementor-top-column elementor-element elementor-element-7ade974\" data-id=\"7ade974\" data-element_type=\"column\" data-e-type=\"column\">\n\t\t\t<div class=\"elementor-widget-wrap elementor-element-populated\">\n\t\t\t\t\t\t<div class=\"elementor-element elementor-element-5e95b47 elementor-widget elementor-widget-seafarer_core_accordion\" data-id=\"5e95b47\" data-element_type=\"widget\" data-e-type=\"widget\" data-widget_type=\"seafarer_core_accordion.default\">\n\t\t\t\t<div class=\"elementor-widget-container\">\n\t\t\t\t\t<div class=\"qodef-shortcode qodef-m qodef-accordion clear qodef-behavior--accordion qodef-layout--simple\">\n\t<h5 class=\"qodef-accordion-title\">\n\t<span class=\"qodef-tab-title\">At what age can you start sailing school?<\/span>\n\t<span class=\"qodef-accordion-mark\">\n\t\t<span class=\"qodef-icon--minus\">\n            <span class=\"qodef-m-icon\"> <span class=\"qodef-icon-linear-icons lnr-arrow-right lnr\" ><\/span> <\/span>\n        <\/span>\n\t\t<span class=\"qodef-icon--plus\">\n            <span class=\"qodef-m-icon\"> <span class=\"qodef-icon-linear-icons lnr-arrow-down lnr\" ><\/span> <\/span>\n        <\/span>\n\t<\/span>\n<\/h5>\n<div class=\"qodef-accordion-content\">\n\t<div class=\"qodef-accordion-content-inner\">\n\t\t<p>Our school welcomes participants of all ages. We have specific courses for children starting from age 6, as well as dedicated programs for teenagers and adults, whether they are beginners or experts.<\/p>\t<\/div>\n<\/div>\n<h5 class=\"qodef-accordion-title\">\n\t<span class=\"qodef-tab-title\">Is previous experience required to sign up?<\/span>\n\t<span class=\"qodef-accordion-mark\">\n\t\t<span class=\"qodef-icon--minus\">\n            <span class=\"qodef-m-icon\"> <span class=\"qodef-icon-linear-icons lnr-arrow-right lnr\" ><\/span> <\/span>\n        <\/span>\n\t\t<span class=\"qodef-icon--plus\">\n            <span class=\"qodef-m-icon\"> <span class=\"qodef-icon-linear-icons lnr-arrow-down lnr\" ><\/span> <\/span>\n        <\/span>\n\t<\/span>\n<\/h5>\n<div class=\"qodef-accordion-content\">\n\t<div class=\"qodef-accordion-content-inner\">\n\t\t<p>No, no previous experience is required. Our courses are structured to guide students from the basic level to the most advanced, starting with the fundamentals of sailing.<\/p>\t<\/div>\n<\/div>\n<h5 class=\"qodef-accordion-title\">\n\t<span class=\"qodef-tab-title\">What equipment is needed?<\/span>\n\t<span class=\"qodef-accordion-mark\">\n\t\t<span class=\"qodef-icon--minus\">\n            <span class=\"qodef-m-icon\"> <span class=\"qodef-icon-linear-icons lnr-arrow-right lnr\" ><\/span> <\/span>\n        <\/span>\n\t\t<span class=\"qodef-icon--plus\">\n            <span class=\"qodef-m-icon\"> <span class=\"qodef-icon-linear-icons lnr-arrow-down lnr\" ><\/span> <\/span>\n        <\/span>\n\t<\/span>\n<\/h5>\n<div class=\"qodef-accordion-content\">\n\t<div class=\"qodef-accordion-content-inner\">\n\t\t<p>We provide the dinghies (sailing boats) and safety equipment (life jackets). Students are required to bring seasonal sportswear, sneakers that can get wet, a hat, sunglasses, sunscreen, and a full change of clothes.<\/p>\t<\/div>\n<\/div>\n<h5 class=\"qodef-accordion-title\">\n\t<span class=\"qodef-tab-title\"> How long does a sailing course last and what are the hours?<\/span>\n\t<span class=\"qodef-accordion-mark\">\n\t\t<span class=\"qodef-icon--minus\">\n            <span class=\"qodef-m-icon\"> <span class=\"qodef-icon-linear-icons lnr-arrow-right lnr\" ><\/span> <\/span>\n        <\/span>\n\t\t<span class=\"qodef-icon--plus\">\n            <span class=\"qodef-m-icon\"> <span class=\"qodef-icon-linear-icons lnr-arrow-down lnr\" ><\/span> <\/span>\n        <\/span>\n\t<\/span>\n<\/h5>\n<div class=\"qodef-accordion-content\">\n\t<div class=\"qodef-accordion-content-inner\">\n\t\t<p>The duration and schedule of the courses vary depending on the program you choose (weekly, weekend, intensive). We invite you to consult the \"Courses\" section on our website or to contact us directly to find out about the available options and schedules.<\/p>\t<\/div>\n<\/div>\n<\/div>\n\t\t\t\t<\/div>\n\t\t\t\t<\/div>\n\t\t\t\t\t<\/div>\n\t\t<\/div>\n\t\t\t\t<div class=\"elementor-column elementor-col-50 elementor-top-column elementor-element elementor-element-76795a8\" data-id=\"76795a8\" data-element_type=\"column\" data-e-type=\"column\">\n\t\t\t<div class=\"elementor-widget-wrap elementor-element-populated\">\n\t\t\t\t\t\t<div class=\"elementor-element elementor-element-b021817 elementor-widget elementor-widget-seafarer_core_accordion\" data-id=\"b021817\" data-element_type=\"widget\" data-e-type=\"widget\" data-widget_type=\"seafarer_core_accordion.default\">\n\t\t\t\t<div class=\"elementor-widget-container\">\n\t\t\t\t\t<div class=\"qodef-shortcode qodef-m qodef-accordion clear qodef-behavior--accordion qodef-layout--simple\">\n\t<h5 class=\"qodef-accordion-title\">\n\t<span class=\"qodef-tab-title\">What do you learn in a basic sailing course?<\/span>\n\t<span class=\"qodef-accordion-mark\">\n\t\t<span class=\"qodef-icon--minus\">\n            <span class=\"qodef-m-icon\"> <span class=\"qodef-icon-linear-icons lnr-arrow-right lnr\" ><\/span> <\/span>\n        <\/span>\n\t\t<span class=\"qodef-icon--plus\">\n            <span class=\"qodef-m-icon\"> <span class=\"qodef-icon-linear-icons lnr-arrow-down lnr\" ><\/span> <\/span>\n        <\/span>\n\t<\/span>\n<\/h5>\n<div class=\"qodef-accordion-content\">\n\t<div class=\"qodef-accordion-content-inner\">\n\t\t<p>In a basic course, you will learn nautical terms, the concepts of wind and course, how to launch and haul the boat, the main maneuvers (tacking, gybing), sail trimming, and fundamental safety rules at sea.<\/p>\t<\/div>\n<\/div>\n<h5 class=\"qodef-accordion-title\">\n\t<span class=\"qodef-tab-title\">Do the courses also take place in bad weather?<\/span>\n\t<span class=\"qodef-accordion-mark\">\n\t\t<span class=\"qodef-icon--minus\">\n            <span class=\"qodef-m-icon\"> <span class=\"qodef-icon-linear-icons lnr-arrow-right lnr\" ><\/span> <\/span>\n        <\/span>\n\t\t<span class=\"qodef-icon--plus\">\n            <span class=\"qodef-m-icon\"> <span class=\"qodef-icon-linear-icons lnr-arrow-down lnr\" ><\/span> <\/span>\n        <\/span>\n\t<\/span>\n<\/h5>\n<div class=\"qodef-accordion-content\">\n\t<div class=\"qodef-accordion-content-inner\">\n\t\t<p>In the event of adverse weather conditions that prevent safe sailing, practical lessons will be replaced with theoretical or simulated activities in the classroom, or rescheduled for a later date. The safety of our students is always our top priority.<\/p>\t<\/div>\n<\/div>\n<h5 class=\"qodef-accordion-title\">\n\t<span class=\"qodef-tab-title\">Is it possible to have a free trial lesson?<\/span>\n\t<span class=\"qodef-accordion-mark\">\n\t\t<span class=\"qodef-icon--minus\">\n            <span class=\"qodef-m-icon\"> <span class=\"qodef-icon-linear-icons lnr-arrow-right lnr\" ><\/span> <\/span>\n        <\/span>\n\t\t<span class=\"qodef-icon--plus\">\n            <span class=\"qodef-m-icon\"> <span class=\"qodef-icon-linear-icons lnr-arrow-down lnr\" ><\/span> <\/span>\n        <\/span>\n\t<\/span>\n<\/h5>\n<div class=\"qodef-accordion-content\">\n\t<div class=\"qodef-accordion-content-inner\">\n\t\t<p>Yes, we offer the chance to participate in a free trial lesson so that interested individuals can discover the world of sailing and our teaching method. Contact us to book your trial.<\/p>\t<\/div>\n<\/div>\n<h5 class=\"qodef-accordion-title\">\n\t<span class=\"qodef-tab-title\"> Does the school also offer courses to get a boating license?<\/span>\n\t<span class=\"qodef-accordion-mark\">\n\t\t<span class=\"qodef-icon--minus\">\n            <span class=\"qodef-m-icon\"> <span class=\"qodef-icon-linear-icons lnr-arrow-right lnr\" ><\/span> <\/span>\n        <\/span>\n\t\t<span class=\"qodef-icon--plus\">\n            <span class=\"qodef-m-icon\"> <span class=\"qodef-icon-linear-icons lnr-arrow-down lnr\" ><\/span> <\/span>\n        <\/span>\n\t<\/span>\n<\/h5>\n<div class=\"qodef-accordion-content\">\n\t<div class=\"qodef-accordion-content-inner\">\n\t\t<p>Currently, our school focuses on the practical teaching of sailing on dinghies and small cabin cruisers. For boating licenses, we can direct you to our partner schools we collaborate with, if you request it.<\/p>\t<\/div>\n<\/div>\n<\/div>\n\t\t\t\t<\/div>\n\t\t\t\t<\/div>\n\t\t\t\t\t<\/div>\n\t\t<\/div>\n\t\t\t\t\t<\/div>\n\t\t<\/section>\n\t\t\t\t<\/div>","protected":false},"excerpt":{"rendered":"<p>Explore Nautical Company Ask A Question Qui trovi le risposte alle domande pi\u00f9 comuni sulla nostra scuola di vela. Se non trovi ci\u00f2 che cerchi, non esitare a contattarci! A che et\u00e0 si pu\u00f2 iniziare la scuola di vela? La nostra scuola accoglie partecipanti di tutte le et\u00e0. Abbiamo corsi specifici per bambini a partire [&hellip;]<\/p>\n","protected":false},"author":1,"featured_media":0,"parent":0,"menu_order":0,"comment_status":"closed","ping_status":"closed","template":"page-full-width.php","meta":{"footnotes":""},"class_list":["post-1230","page","type-page","status-publish","hentry"],"_links":{"self":[{"href":"https:\/\/www.yachtclubdelmediterraneo.it\/en\/wp-json\/wp\/v2\/pages\/1230","targetHints":{"allow":["GET"]}}],"collection":[{"href":"https:\/\/www.yachtclubdelmediterraneo.it\/en\/wp-json\/wp\/v2\/pages"}],"about":[{"href":"https:\/\/www.yachtclubdelmediterraneo.it\/en\/wp-json\/wp\/v2\/types\/page"}],"author":[{"embeddable":true,"href":"https:\/\/www.yachtclubdelmediterraneo.it\/en\/wp-json\/wp\/v2\/users\/1"}],"replies":[{"embeddable":true,"href":"https:\/\/www.yachtclubdelmediterraneo.it\/en\/wp-json\/wp\/v2\/comments?post=1230"}],"version-history":[{"count":13,"href":"https:\/\/www.yachtclubdelmediterraneo.it\/en\/wp-json\/wp\/v2\/pages\/1230\/revisions"}],"predecessor-version":[{"id":5348,"href":"https:\/\/www.yachtclubdelmediterraneo.it\/en\/wp-json\/wp\/v2\/pages\/1230\/revisions\/5348"}],"wp:attachment":[{"href":"https:\/\/www.yachtclubdelmediterraneo.it\/en\/wp-json\/wp\/v2\/media?parent=1230"}],"curies":[{"name":"wp","href":"https:\/\/api.w.org\/{rel}","templated":true}]}}